{"id":49,"date":"2013-07-08T20:41:42","date_gmt":"2013-07-08T18:41:42","guid":{"rendered":"http:\/\/psg-erftstadt-niederberg.de\/?page_id=49"},"modified":"2018-06-21T09:49:26","modified_gmt":"2018-06-21T07:49:26","slug":"turniere","status":"publish","type":"page","link":"https:\/\/psg-erftstadt-niederberg.de\/?page_id=49","title":{"rendered":"Datenschutz"},"content":{"rendered":"<div class=\"n module-type-header diyfeLiveArea \">\n<h1><span class=\"diyfeDecoration\">Datenschutzerkl\u00e4rung<\/span><\/h1>\n<\/div>\n<div class=\"n module-type-text diyfeLiveArea \">\n<p>Wir nehmen Datenschutz ernst. Daher bieten wir Ihnen auf unserer Webseite ein reines Informationsangebot, dass Sie so nutzen k\u00f6nnen, dass Ihre Nutzung f\u00fcr uns anonym ist.<\/p>\n<p>Wir haben einen Dienstleister\u00a0<strong>(1&amp;1 Internet SE, Elgendorfer Str. 57, 56410 Montabaur)<\/strong>\u00a0beauftragt, unser Angebot zu hosten.<\/p>\n<p>In diesem Zusammenhang haben wir den Dienstleister weder beauftragt, personenbezogene Daten \u00fcber die Besucher unserer Webseiten zu erheben noch uns Auswertungen \u00fcber die Nutzung unserer Seiten durch Sie zur Verf\u00fcgung zu stellen. Daher umfasst unser Auftrag an unseren Provider weder die Erhebung Ihrer Daten, Trekking, Analyse, das Setzen von Cookies oder \u00e4hnliches.<\/p>\n<p>Um jedoch unsere Webseiten zu erreichen, fallen bei jedem Zugriff eines Nutzers auf eine Seite aus unserem Angebot und bei jedem Abruf einer Datei Zugriffsdaten beim Provider an.<\/p>\n<p>Dabei handelt es sich insbesondere um folgende Informationen, die m\u00f6glicherweise eine Identifizierung zulassen:<\/p>\n<ul>\n<li>Dateiname der Seite oder Datei bzw. von Ihnen im Rahmen von Eingaben \u00fcbergeben Informationen (z.B. Querparameter in der URL)<\/li>\n<li>Dateiname der Seite, von der aus die aktuelle Seite oder Datei angefordert wurde<\/li>\n<li>Datum und Uhrzeit der Anforderung<\/li>\n<li>\u00dcbertragene Datenmenge<\/li>\n<li>Zugriffsstatus (Seite \u00fcbertragen, Seite nicht gefunden etc.)<\/li>\n<li>Typ und Betriebssystem des verwendeten Webbrowsers<\/li>\n<li>IP-Adresse des Clients und ggf. dessen Domainnamen bzw. der Name Ihres Internet-Service-Providers<\/li>\n<\/ul>\n<p>Diese Daten speichert ein Provider \u00fcblicherweise ausschlie\u00dflich zur Sicherstellung der Systemsicherheit und ggf. f\u00fcr Auswertungen zu statistischen Zwecken.<\/p>\n<p>F\u00fcr weitere Informationen zum Umgang mit diesen Daten wenden Sie sich bitte direkt an den Provider:\u00a0<strong>1&amp;1 Internet SE, Elgendorfer Str. 57, 56410 Montabaur<\/strong><\/p>\n<p>Soweit Sie mit uns in Kontakt treten wollen, freuen wir uns \u00fcber eine Kontaktaufnahme per E-Mail oder auf dem Postweg. Die hierzu erforderlichen Angaben finden Sie unter Impressum.<\/p>\n<\/div>\n","protected":false},"excerpt":{"rendered":"<p>Datenschutzerkl\u00e4rung Wir nehmen Datenschutz ernst. Daher bieten wir Ihnen auf unserer Webseite ein reines Informationsangebot, dass Sie so nutzen k\u00f6nnen, dass Ihre Nutzung f\u00fcr uns anonym ist. Wir haben einen Dienstleister\u00a0(1&amp;1 Internet SE, Elgendorfer Str. 57, 56410 Montabaur)\u00a0beauftragt, unser Angebot zu hosten. In diesem Zusammenhang haben wir den Dienstleister weder beauftragt, personenbezogene Daten \u00fcber die<a class=\"rmore\" href=\"https:\/\/psg-erftstadt-niederberg.de\/?page_id=49\">&nbsp;&nbsp; Read More &#8230;<\/a><\/p>\n","protected":false},"author":1,"featured_media":0,"parent":0,"menu_order":0,"comment_status":"open","ping_status":"open","template":"","meta":{"footnotes":""},"class_list":["post-49","page","type-page","status-publish","hentry"],"_links":{"self":[{"href":"https:\/\/psg-erftstadt-niederberg.de\/index.php?rest_route=\/wp\/v2\/pages\/49","targetHints":{"allow":["GET"]}}],"collection":[{"href":"https:\/\/psg-erftstadt-niederberg.de\/index.php?rest_route=\/wp\/v2\/pages"}],"about":[{"href":"https:\/\/psg-erftstadt-niederberg.de\/index.php?rest_route=\/wp\/v2\/types\/page"}],"author":[{"embeddable":true,"href":"https:\/\/psg-erftstadt-niederberg.de\/index.php?rest_route=\/wp\/v2\/users\/1"}],"replies":[{"embeddable":true,"href":"https:\/\/psg-erftstadt-niederberg.de\/index.php?rest_route=%2Fwp%2Fv2%2Fcomments&post=49"}],"version-history":[{"count":76,"href":"https:\/\/psg-erftstadt-niederberg.de\/index.php?rest_route=\/wp\/v2\/pages\/49\/revisions"}],"predecessor-version":[{"id":1184,"href":"https:\/\/psg-erftstadt-niederberg.de\/index.php?rest_route=\/wp\/v2\/pages\/49\/revisions\/1184"}],"wp:attachment":[{"href":"https:\/\/psg-erftstadt-niederberg.de\/index.php?rest_route=%2Fwp%2Fv2%2Fmedia&parent=49"}],"curies":[{"name":"wp","href":"https:\/\/api.w.org\/{rel}","templated":true}]}}