{"id":39,"date":"2013-07-08T20:35:51","date_gmt":"2013-07-08T18:35:51","guid":{"rendered":"http:\/\/psg-erftstadt-niederberg.de\/?page_id=39"},"modified":"2023-01-02T00:56:32","modified_gmt":"2023-01-01T22:56:32","slug":"veranstaltungen","status":"publish","type":"page","link":"https:\/\/psg-erftstadt-niederberg.de\/?page_id=39","title":{"rendered":"Termine"},"content":{"rendered":"<hr \/><hr \/>\n<h3>\u00a0<\/h3>\n<h3><strong>Die PSG Erftstadt-Niederberg e.V. organisiert zusammen mit der Ponyreitschule Almut Eilers zahlreiche Veranstaltungen mit und ohne Pferd. Einige Beispiele finden Sie hier:<\/strong><\/h3>\n<p>\u00a0<\/p>\n<hr \/>\n<h2>\u00a0<\/h2>\n<h2><span style=\"text-decoration: underline;\">2022<\/span><\/h2>\n<p><strong>17.02.2023<\/strong><\/p>\n<p>Karnevalszug in Niederberg<\/p>\n<p><span style=\"text-decoration: underline;\"><strong>17.-18.9.2022<\/strong><\/span><\/p>\n<p>Reitturnier mit Kreismeisterschaften in Dressur- und Springreiten der Leistungsklassen 0,7 und 6 f\u00fcr den Kreisverband Rhein-Erft e.V. sowie \u00dc 40-Pr\u00fcfungen<\/p>\n<p>\u00a0<\/p>\n<p><strong>14.-27-03-2022<\/strong><\/p>\n<p>Internationale Wochen gegen Rassismus.<\/p>\n<p>Wir schlie\u00dfen uns erneut dem Projekt &#8222;Pink gegen Rassismus&#8220; an.<\/p>\n<p>\u00a0<\/p>\n<p><strong>12.03.2022<\/strong><\/p>\n<p>Am Samstag den 12.03. findet ab 9:30 die allj\u00e4hrliche M\u00fcllsammelaktion in Niederberg statt. Hierf\u00fcr ben\u00f6tigen wir wie jedes Jahr m\u00f6glichst viele freiwillige Helfer, um unser sch\u00f6nes Niederberg sauber zu halten.<\/p>\n<p>\u00a0<\/p>\n<p><strong>26. und 27. 02.2022<\/strong><\/p>\n<p>Gelassenheitstraining f\u00fcr Gro\u00df und Klein, mit Schulpferden und Privatpferden als alternative Karnevalsparty!<\/p>\n<p>\u00a0<\/p>\n<h2><span style=\"text-decoration: underline;\">2021<\/span><\/h2>\n<p>\u00a0<\/p>\n<p><span style=\"text-decoration: underline;\"><strong>17.-19.9.2021<\/strong><\/span><\/p>\n<p>Reitturnier mit Kreismeisterschaften in Dressur- und Springreiten der Leistungsklassen 0,7 und 6 f\u00fcr den Kreisverband Rhein-Erft e.V. sowie \u00dc 40- und Para- Pr\u00fcfungen.<\/p>\n<p>\u00a0<\/p>\n<p><span style=\"color: #ff00ff;\"><strong>15.3.-28.3.2021<\/strong><\/span><\/p>\n<p><span style=\"color: #ff00ff;\">Vom 15. bis 28. M\u00e4rz finden die Internationalen Wochen gegen Rassismus statt. Auch wir wollen uns gegen Rassismus und f\u00fcr Toleranz und Offenheit positionieren. Daf\u00fcr schlie\u00dfen wir uns in Zusammenarbeit mit dem Kreissportbund dem Projekt &#8222;Pink gegen Rassismus&#8220; an. Das Prinzip ist ganz einfach: Wir zeigen uns in Pink!<\/span><\/p>\n<p><span style=\"color: #ff00ff;\">Wenn ihr mitmachen wollt schickt uns einfach bis zum 12.3.2021 ein Bild von euch oder euren Pferdchen oder etwas anderem in Pink per WhatsApp an 017661283277 oder per EMail an info@psg-erftstadt-niederberg.de. <\/span><\/p>\n<p><span style=\"color: #ff00ff;\">Wir gestalten dann aus allen Bildern eine Collage und teilen sie auf unserer Homepage und auf unserem Instagram Account!<\/span><\/p>\n<p>\u00a0<\/p>\n<p><strong>27.02.2021<\/strong><\/p>\n<p>Wir beteiligen uns &#8211; nat\u00fcrlich coronakonform in Kleinstgruppen &#8211; an der M\u00fcllsammelaktion der Stadt Erftstadt und sammeln rund um die Ponyreitschule Eilers und die angerenzenden Ausreitwege Richtung M\u00fclheim.<\/p>\n<p>\u00a0<\/p>\n<h2><span style=\"text-decoration: underline;\">2020<\/span><\/h2>\n<p>\u00a0<\/p>\n<p><span style=\"text-decoration: underline;\"><strong>11.-13.9.2020<\/strong><\/span><\/p>\n<p>Reitturnier mit Kreismeisterschaften in Dressur- und Springreiten der Leistungsklassen 0,7 und 6 f\u00fcr den Kreisverband Rhein-Erft e.V. sowie \u00dc 40- und Para- Pr\u00fcfungen.<\/p>\n<p><span style=\"text-decoration: underline;\"><strong>Einsendeschluss 30.06.2020<\/strong><\/span><\/p>\n<p>Kreativwettbeweb<\/p>\n<p><strong><span style=\"text-decoration: underline;\">7.3.2020<\/span><\/strong><\/p>\n<p>Teilnahme an der M\u00fcllsammelaktion der Stadt Erftstadt<\/p>\n<p><span style=\"text-decoration: underline;\"><strong>21.2.2020<\/strong><\/span><\/p>\n<p>Teilnahme am Karnevalszug der KG 1973 Niederberg e.V.<\/p>\n<p>Kost\u00fcm: Kr\u00fcmelmonster<\/p>\n<p><span style=\"text-decoration: underline;\"><strong>26.1.2020<\/strong><\/span><\/p>\n<p>10 Uhr: Jahreshauptversammlung im Dorfgemeinschaftshaus in Erftstadt Niederberg, B\u00fcchelstra\u00dfe 26<\/p>\n<hr \/>\n<h2>\u00a0<\/h2>\n<h2><span style=\"text-decoration: underline;\">2019<\/span><\/h2>\n<p>\u00a0<\/p>\n<p><span style=\"text-decoration: underline;\">7.12.2019<\/span><\/p>\n<p>Weihnachtsfeier der PSG Erftstadt-Niederberg. Beginn 16 Uhr 30 im Hof<\/p>\n<p>Ab 19 Uhr Weihnachtsfilm im Kino Niederberg: &#8222;Es ist ein Elch entsprungen&#8220;<\/p>\n<p><span style=\"text-decoration: underline;\"><strong>5.\/6.10.2019<\/strong><\/span><\/p>\n<p>Reitturnier mit Kreismeisterschaften in Dressur- und Springreiten der Leistungsklassen 0,7 und 6 f\u00fcr den Kreisverband Rhein-Erft e.V. sowie \u00dc-40 und Para-Pr\u00fcfungen.<\/p>\n<p><span style=\"text-decoration: underline;\"><strong>26.8.2019<\/strong><\/span><\/p>\n<p>Ponywaschaktion im Hof mit anschlie\u00dfendem Spieleabend<\/p>\n<p><strong><span style=\"text-decoration: underline;\">19. 5.2019<\/span><\/strong><\/p>\n<p>Reiterflohmarkt.<\/p>\n<p>Infos hier: <a href=\"http:\/\/psg-erftstadt-niederberg.de\/wp-content\/uploads\/2013\/07\/Plakat-Flohmarkt.pdf\">Plakat Flohmarkt<\/a><\/p>\n<p><span style=\"text-decoration: underline;\"><strong>1.3.2019<\/strong><\/span><\/p>\n<p>Teilnahme am Karnevalszug der KG 1973 Niederberg e.V.<\/p>\n<p>Kost\u00fcm: M&amp;Ms<\/p>\n<p><span style=\"color: #ff0000;\">Anmeldeschluss: 20.1.2019<\/span><\/p>\n<p><span style=\"text-decoration: underline;\"><strong>3.2.2019<\/strong><\/span><\/p>\n<p>Jahreshauptversammlung im Dorfgemeinschaftshaus<\/p>\n<p><span style=\"text-decoration: underline;\"><strong>12.1.2019<\/strong><\/span><\/p>\n<p>Helfergrillen als Dankesch\u00f6n f\u00fcr die flei\u00dfigen Helfer an unserem Turnier<\/p>\n<p style=\"text-align: left;\"><span style=\"color: #ff0000;\">ACHTUNG: Wetterbedingt wurde das Helfergrillen auf den Sommer verschoben!! Ein neuer Termin wird rechtzeitig bekannt gegeben.<\/span><\/p>\n<hr \/>\n<h2>\u00a0<\/h2>\n<h2><span style=\"text-decoration: underline;\">2018<\/span><\/h2>\n<p>\u00a0<\/p>\n<p><span style=\"text-decoration: underline;\"><strong>15.12.2018<\/strong><\/span><\/p>\n<p>15 Uhr: Jugendversammlung im Hof<\/p>\n<p>16 Uhr: Weihnachtsfeier im Hof<\/p>\n<p><span style=\"text-decoration: underline;\"><strong>28.10.2018<\/strong><\/span><\/p>\n<p>Teilnahme am Geschicklichkeitsturnier auf dem M\u00fchlenhof in Lommersum.<\/p>\n<p><span style=\"text-decoration: underline;\"><strong>21. &#8211; 23.9.2018<\/strong><\/span><\/p>\n<p>Reitturnier der PSG Erftstadt-Niederberg e.V. mit Kreismeisterschaften der Leistungsklassen 0,7,6 und 5 in Dressur- und Springreiten.<\/p>\n<p><span style=\"text-decoration: underline;\"><strong>23.\/24.6.2018<\/strong><\/span><\/p>\n<p>Zelten im Stall!!<\/p>\n<p>Teilnahme f\u00fcr Vereinskinder umsonst, Nicht-Vereinsmitglieder zahlen 10 Euro!<\/p>\n<p><strong><span style=\"text-decoration: underline;\">25.2.2018<\/span><\/strong><\/p>\n<p>Teilnahme der Vereinskinder am Trainingsturnier der Reitschule Krings in J\u00fcchen.<\/p>\n<p><strong><span style=\"text-decoration: underline;\">9.2.2018 Teilnahme am Karnevalszug der KG 1973 Niederberg e.V.<\/span><\/strong><\/p>\n<p>&#8222;Wir Einh\u00f6rner erobern Niederberg&#8220;<\/p>\n<p><strong><span style=\"text-decoration: underline;\">21.1.2018 Jahreshauptversammlung<\/span><\/strong><\/p>\n<p>16 Uhr im Dorfgemeinschaftshaus Erftstadt-Niederberg, B\u00fcchelstra\u00dfe 26<\/p>\n<hr \/>\n<h2>\u00a0<\/h2>\n<h2><span style=\"text-decoration: underline;\">2017<\/span><\/h2>\n<p>\u00a0<\/p>\n<p><strong><span style=\"text-decoration: underline;\">9.7.2017 Vereinsaktion Wanderritt<\/span><\/strong><\/p>\n<p>Am Sonntag, den 09.07.2017 wollen wir einen gemeinsamen <strong>Wanderritt<\/strong> machen. Wir treffen uns morgens, satteln die Pferde und los geht es. Gegen Mittag kehren wir zur Rast und gemeinsamen Grillen an einem \u00dcberraschungsort ein (wird sp\u00e4ter noch bekannt gegeben). Am sp\u00e4teren Nachmittag reiten wir wieder gemeinsam nach Hause.<\/p>\n<p style=\"text-align: left;\"><span style=\"text-decoration: underline;\"><strong>1.4.2017 Vereinsaktion Ponypflegekurs!!!<\/strong><\/span><\/p>\n<p>Die Ponypflege ist das A und O bei reiten. Wir zeigen euch alles rund um Pony- und Sattelpflege!<\/p>\n<p>Wir freuen uns auf euch und hoffen, dass viele von euch kommen, denn hiervon profitiert sowohl ihr als auch die Ponys. Bringt am besten Gummistiefel mit, denn beim waschen kann es schon mal nass werden! Beginn 15 Uhr!<\/p>\n<p><span style=\"text-decoration: underline;\">24.2.2017<\/span><\/p>\n<p>Teilnahme am Karnevalszug der KG 1973 Niederberg e.V.<\/p>\n<p><span style=\"text-decoration: underline;\">19.2.2017<\/span><\/p>\n<p>Jahreshauptversammlung der PSG Erftstadt-Niederberg e.V.<\/p>\n<p>16 Uhr im Dorfgemeinschaftshaus in Niederberg<\/p>\n<hr \/>\n<h2>\u00a0<\/h2>\n<h2><span style=\"text-decoration: underline;\">2016<\/span><\/h2>\n<p>\u00a0<\/p>\n<p><span style=\"text-decoration: underline;\">2.und 3.10.2016<\/span><\/p>\n<p>Reitturnier mit Kreismeisterschaften des KV Rhein-Erft der Leistungsklassen 0 und 6<\/p>\n<p><span style=\"text-decoration: underline;\">10.7.2016<\/span><\/p>\n<p><span style=\"color: #333333;\">Reiterrallye:<\/span><span style=\"color: #333333;\"> Sonntag, dem 10. Juli 2016 <br \/><\/span><\/p>\n<p style=\"text-align: left;\"><span style=\"color: #333333;\">Es gilt, eine Gel\u00e4ndestrecke (Feld-, Asphalt- und Graswege) von ca. 10 km mit verschiedenen Aufgaben an Pferd und Reiter zu bew\u00e4ltigen!<\/span><\/p>\n<p style=\"text-align: left;\"><span style=\"color: #333333;\">Ausschreibung und Anmeldeformular sind hier als PDF zum Download verf\u00fcgbar!<\/span><\/p>\n<p style=\"text-align: left;\"><a href=\"http:\/\/psg-erftstadt-niederberg.de\/wp-content\/uploads\/2016\/06\/Ausschreibung-und-Einladung-zur-Reiterrallye-2016.pdf\">Ausschreibung und Einladung zur Reiterrallye 2016<\/a><\/p>\n<p><span style=\"text-decoration: underline;\">5.2.2016<\/span><\/p>\n<p>Teilnahme am Karnevalszug der KG 1973 Niederberg e.V.<\/p>\n<p>Anmeldung hier als Download:\u00a0\u00a0<a href=\"http:\/\/psg-erftstadt-niederberg.de\/wp-content\/uploads\/2016\/01\/Karneval-in-Niederberg-2016.pdf\">Karneval in Niederberg 2016<\/a><\/p>\n<p><span style=\"text-decoration: underline;\">17.1.2015<\/span><\/p>\n<p>Jahreshauptversammlung der PSG Erftstadt Niederberg e.V.<\/p>\n<p>16 Uhr im Stall<\/p>\n<p><span style=\"text-decoration: underline;\">4.1.2016<\/span><\/p>\n<p>Ponywinterwanderung: Treffen um 13 Uhr im Stall<\/p>\n<hr \/>\n<h2>\u00a0<\/h2>\n<h2><span style=\"text-decoration: underline;\">2015<\/span><\/h2>\n<p>\u00a0<\/p>\n<p><span style=\"text-decoration: underline;\">3.\/4.10.2015<\/span><\/p>\n<p>Reitturnier LPO\/WBO mit Kreismeisterschaft der Leistungsklassen 0, 6 und 5\u00a0auf der Reitanlage der Familie Weber in Erftstadt-Ahrem.<\/p>\n<p><span style=\"text-decoration: underline;\">22.7.2015<\/span><\/p>\n<p><span style=\"color: #333333;\">Wasserski fahren auf dem Bleibtreusee:<\/span><\/p>\n<p>Sommerferien-Vereinsaktion am Mittwoch der 3. Ferienwoche!!!\u00a0 Wir wollen zusammen Wasserski fahren!<\/p>\n<p>Kosten: \u00a0f\u00fcr Vereinsmitglieder dank Zuschuss des Vereins nur 12 Euro pro Person, f\u00fcr Nichtmitglieder 20 Euro.<\/p>\n<p><span style=\"text-decoration: underline;\">14.6.2015 <\/span><\/p>\n<p><span style=\"color: #333333;\">Reiterrallye der PSG Erftstadt-Niederberg e.V.<\/span><\/p>\n<p>Ausschreibung und Anmeldeformular findet ihr hier als Download!.<\/p>\n<p><strong><a href=\"http:\/\/psg-erftstadt-niederberg.de\/wp-content\/uploads\/2015\/05\/Ausschreibung-und-Einladung-zur-Reiterrallye.docx\">Ausschreibung und Einladung zur Reiterrallye<\/a><\/strong><\/p>\n<p><span style=\"text-decoration: underline;\">13.02.2015<\/span><\/p>\n<p>Wir gehen mit im Niederberger Karnevalszug!<\/p>\n<p>Anmeldeformulare findet ihr hier als Download!<\/p>\n<p><a href=\"http:\/\/psg-erftstadt-niederberg.de\/wp-content\/uploads\/2015\/01\/Karneval-in-Niederberg.pdf\"><strong>Karneval in Niederberg<\/strong><\/a><\/p>\n<p><span style=\"text-decoration: underline;\">1.2.2015<\/span><\/p>\n<p>Jugendversammlung 16 Uhr im Stall!!!<\/p>\n<p><span style=\"text-decoration: underline;\">18.1.2015<\/span><\/p>\n<p>Jahreshauptversammlung 17 Uhr im Dorfgemeinschaftshaus<\/p>\n<p>\u00a0<\/p>\n<hr \/>\n<h2>\u00a0<\/h2>\n<h2><span style=\"text-decoration: underline;\"><strong>2014<\/strong><\/span><\/h2>\n<h2>\u00a0<\/h2>\n<p><span style=\"text-decoration: underline;\">28.11.2014<\/span><\/p>\n<p><strong>Weihnachtsfeier der PSG Erftstadt-Niederberg\u00a0<\/strong><\/p>\n<p><strong>Wo?<\/strong> Erftbowling in Erftstadt-Bliesheim, Merowinger Stra\u00dfe 48<\/p>\n<p><strong>Wann?<\/strong> Freitag, 28.11.2014 von 18 bis 20 Uhr<\/p>\n<p><strong>Was?<\/strong> Der Verein zahlt f\u00fcr alle Mitglieder die Bahnen, die Schuhe und ein Getr\u00e4nk<\/p>\n<p>Wir freuen uns nat\u00fcrlich, wenn auch Eltern, Partner und Geschwister der Mitglieder mitkommen. Die Kosten f\u00fcr diese Nichtmitglieder belaufen sich dann auf 10 Euro pro Person.<\/p>\n<p><span style=\"text-decoration: underline;\">19.10.2014<\/span><\/p>\n<p>Ausflug in den Kletterwald in Br\u00fchl,\u00a014 Uhr<\/p>\n<div><span style=\"text-decoration: underline;\"><br \/>4.\/5. 10.2014<br \/><\/span><\/div>\n<div>\n<p>Reitturnier mit Kreismeisterschaft der LK o und 6 auf der Reitanlage der Familie Weber in Erftstadt-Ahrem.<span style=\"text-decoration: underline;\">22. Juni 2014 <\/span><\/p>\n<p>Ausrichtung der Reiterrallye 2014 des Pferdesportverbands Rhein-Erft e.V.Ausschreibung und\u00a0 Anmeldung findet ihr auf der Seite &#8222;Aktuelles&#8220;.<\/p>\n<\/div>\n<p><span style=\"text-decoration: underline;\">28.2.2014 <\/span><\/p>\n<p>Teilnahme am Karnevalsumzug in Niederberg.<\/p>\n<p><span style=\"text-decoration: underline;\">18.01.2014<\/span><\/p>\n<p>Jahreshauptversammlung der PSG Erftstadt-Niederberg e.V. im Dorfgemeinschaftshaus in Erftstadt Niederberg.<br \/>Beginn: 16 Uhr<\/p>\n<hr \/>\n<h2>\u00a0<\/h2>\n<h2><span style=\"text-decoration: underline;\"><strong>2013<\/strong><\/span><\/h2>\n<p>\u00a0<\/p>\n<p><span style=\"text-decoration: underline;\">30.11.2013<br \/><\/span>Weihnachtsfeier der PSG Erftstadt-Niederberg e.V auf der Bowlingbahn in Erftstadt-Bliesheim, Merowinger Stra\u00dfe 48. Von 17 &#8211; 20 Uhr<\/p>\n<p><span style=\"text-decoration: underline;\">5.\/6.10.2013<\/span><br \/>Ausrichtung eines WBO\/LPO Turniers auf der Reitanlage der Familie Weber in Erftstadt Ahrem mit Kreismeisterschaften in Dressur und Springen der Leistungsklassen 0 und 6.<\/p>\n<p><span style=\"text-decoration: underline;\">23.8.2013<br \/><\/span>Ab 18 Uhr: \u00a0Spieleabend f\u00fcr Vereinsmitglieder in der Ponyreitschule Almut Eilers, Bleistra\u00dfe 33, 50374 Erftstadt-Niederberg.<\/p>\n<p><span style=\"text-decoration: underline;\">14.7.2013<\/span><br \/>Tagesritt nach Z\u00fclpich<\/p>\n<p><span style=\"text-decoration: underline;\">3.3.2013<\/span><br \/>Jahreshauptversammlung des RV Erftstadt-Ahrem e.V. im Dorfgemeinschaftshaus in Erftstadt Niederberg.<\/p>\n<p><span style=\"text-decoration: underline;\">8.2.2013<\/span><br \/>Teilnahme am Karnevalszug von Erftstadt Niederberg.<br \/>Getreu dem Motto \u201eWir sitzen alle in einem Boot\u201c nahmen wir als gr\u00f6\u00dfte Einzelgruppe als Matrosen mit Seegelboot \u201eJulchen\u201c am Niederberger Karnevalszug teil.<\/p>\n<p><span style=\"text-decoration: underline;\">Im Winter 2012\/2013<\/span><br \/>Gef\u00fchrtes Gelassenheitstraining auf dem Gel\u00e4nde der Ponyreitschule Almut Eilers, bei dem die Vereinsmitglieder die M\u00f6glichkeit erhielten, das Vertrauensverh\u00e4ltnis zwischen sich und ihren Turnier- oder Freizeitpartnern zu verbessern.<\/p>\n<p>Das Training wurde in Anlehnung an die offizielle Gelassenheitspr\u00fcfung der FN ausgerichtet. Ziel sollte am Ende aber nicht das Ablegen der GHP Pr\u00fcfung sein, sondern jedes Paar sollte im Bereich seiner M\u00f6glichkeiten und Voraussetzungen sein Vertrauensverh\u00e4ltnis verbessern und im Verlauf der Trainingseinheiten m\u00f6glichst gro\u00dfe Fortschritte beim Bew\u00e4ltigen der einzelnen Stationen machen.<\/p>\n<p><a href=\"http:\/\/psg-erftstadt-niederberg.de\/wp-content\/uploads\/2013\/07\/kasanova.png\"><img loading=\"lazy\" decoding=\"async\" class=\"alignnone size-medium wp-image-41\" src=\"http:\/\/psg-erftstadt-niederberg.de\/wp-content\/uploads\/2013\/07\/kasanova-225x300.png\" alt=\"kasanova\" width=\"225\" height=\"300\" srcset=\"https:\/\/psg-erftstadt-niederberg.de\/wp-content\/uploads\/2013\/07\/kasanova-225x300.png 225w, https:\/\/psg-erftstadt-niederberg.de\/wp-content\/uploads\/2013\/07\/kasanova-768x1024.png 768w, https:\/\/psg-erftstadt-niederberg.de\/wp-content\/uploads\/2013\/07\/kasanova.png 900w\" sizes=\"auto, (max-width: 225px) 100vw, 225px\" \/><\/a><a href=\"http:\/\/psg-erftstadt-niederberg.de\/wp-content\/uploads\/2013\/07\/leo.png\"><img loading=\"lazy\" decoding=\"async\" src=\"http:\/\/psg-erftstadt-niederberg.de\/wp-content\/uploads\/2013\/07\/leo-300x225.png\" alt=\"leo\" width=\"300\" height=\"225\" \/><\/a><\/p>\n<hr \/>\n<h2>\u00a0<\/h2>\n<h2><span style=\"text-decoration: underline;\"><strong>2012<\/strong><\/span><\/h2>\n<p>\u00a0<\/p>\n<p><span style=\"text-decoration: underline;\">8.12.2012<\/span><br \/>Weihnachtsfeier auf der Bowlingbahn in Erftstadt Bliesheim<\/p>\n<p><span style=\"text-decoration: underline;\">22. &#8211; 23.9.2012<\/span><br \/>WBO Turnier mit Kreismeisterschaft in Dressur und Springen der Leistungsklassen 0 und 6.<\/p>\n<p><img loading=\"lazy\" decoding=\"async\" class=\"alignnone size-medium wp-image-40\" src=\"http:\/\/psg-erftstadt-niederberg.de\/wp-content\/uploads\/2013\/07\/rambo-225x300.png\" alt=\"rambo\" width=\"225\" height=\"300\" srcset=\"https:\/\/psg-erftstadt-niederberg.de\/wp-content\/uploads\/2013\/07\/rambo-225x300.png 225w, https:\/\/psg-erftstadt-niederberg.de\/wp-content\/uploads\/2013\/07\/rambo-768x1024.png 768w, https:\/\/psg-erftstadt-niederberg.de\/wp-content\/uploads\/2013\/07\/rambo.png 900w\" sizes=\"auto, (max-width: 225px) 100vw, 225px\" \/>\u00a0\u00a0<a href=\"http:\/\/psg-erftstadt-niederberg.de\/wp-content\/uploads\/2013\/07\/kreismeisterschaft.png\"><img loading=\"lazy\" decoding=\"async\" src=\"http:\/\/psg-erftstadt-niederberg.de\/wp-content\/uploads\/2013\/07\/kreismeisterschaft-300x225.png\" alt=\"kreismeisterschaft\" width=\"300\" height=\"225\" \/><\/a><\/p>\n\n\n<p><\/p>\n","protected":false},"excerpt":{"rendered":"<p>\u00a0 Die PSG Erftstadt-Niederberg e.V. organisiert zusammen mit der Ponyreitschule Almut Eilers zahlreiche Veranstaltungen mit und ohne Pferd. Einige Beispiele finden Sie hier: \u00a0 \u00a0 2022 17.02.2023 Karnevalszug in Niederberg 17.-18.9.2022 Reitturnier mit Kreismeisterschaften in Dressur- und Springreiten der Leistungsklassen 0,7 und 6 f\u00fcr den Kreisverband Rhein-Erft e.V. sowie \u00dc 40-Pr\u00fcfungen \u00a0 14.-27-03-2022 Internationale Wochen<a class=\"rmore\" href=\"https:\/\/psg-erftstadt-niederberg.de\/?page_id=39\">&nbsp;&nbsp; Read More &#8230;<\/a><\/p>\n","protected":false},"author":1,"featured_media":0,"parent":0,"menu_order":0,"comment_status":"open","ping_status":"open","template":"","meta":{"footnotes":""},"class_list":["post-39","page","type-page","status-publish","hentry"],"_links":{"self":[{"href":"https:\/\/psg-erftstadt-niederberg.de\/index.php?rest_route=\/wp\/v2\/pages\/39","targetHints":{"allow":["GET"]}}],"collection":[{"href":"https:\/\/psg-erftstadt-niederberg.de\/index.php?rest_route=\/wp\/v2\/pages"}],"about":[{"href":"https:\/\/psg-erftstadt-niederberg.de\/index.php?rest_route=\/wp\/v2\/types\/page"}],"author":[{"embeddable":true,"href":"https:\/\/psg-erftstadt-niederberg.de\/index.php?rest_route=\/wp\/v2\/users\/1"}],"replies":[{"embeddable":true,"href":"https:\/\/psg-erftstadt-niederberg.de\/index.php?rest_route=%2Fwp%2Fv2%2Fcomments&post=39"}],"version-history":[{"count":155,"href":"https:\/\/psg-erftstadt-niederberg.de\/index.php?rest_route=\/wp\/v2\/pages\/39\/revisions"}],"predecessor-version":[{"id":1949,"href":"https:\/\/psg-erftstadt-niederberg.de\/index.php?rest_route=\/wp\/v2\/pages\/39\/revisions\/1949"}],"wp:attachment":[{"href":"https:\/\/psg-erftstadt-niederberg.de\/index.php?rest_route=%2Fwp%2Fv2%2Fmedia&parent=39"}],"curies":[{"name":"wp","href":"https:\/\/api.w.org\/{rel}","templated":true}]}}