{"id":30,"date":"2013-07-08T20:20:31","date_gmt":"2013-07-08T18:20:31","guid":{"rendered":"http:\/\/psg-erftstadt-niederberg.de\/?page_id=30"},"modified":"2025-11-04T23:00:46","modified_gmt":"2025-11-04T21:00:46","slug":"vorstand","status":"publish","type":"page","link":"https:\/\/psg-erftstadt-niederberg.de\/?page_id=30","title":{"rendered":"Vorstand"},"content":{"rendered":"<p><strong>1.Vorsitzende:<\/strong><br \/>\nLena B\u00f6ckem<\/p>\n<p><strong>2.Vorsitzende:<\/strong><br \/>\nNeele Rudolph<\/p>\n<p><strong>1.Kassierer:<\/strong><br \/>\nAngela T\u00fctt<\/p>\n<p><strong>2.Kassierer:<\/strong><br \/>\nMarion B\u00f6ckem<\/p>\n<p><strong>Materialwart:<\/strong><br \/>\nEric Koenen<\/p>\n<p><strong>Schriftf\u00fchrer:<\/strong><br \/>\nAntonia Lorenz<\/p>\n<p><strong>Breitensportbeauftragte:<\/strong><br \/>\nImke de Groot-Rudolph<\/p>\n<p><strong>1.Jugendwart:<\/strong><br \/>\nMaxie Fraatz<\/p>\n<p><strong>Jugendvertreter:<\/strong><br \/>\nLioba Hickel<\/p>\n<p><strong>Beisitzer:<\/strong><br \/>\nLuisa Nolden<\/p>\n<p>Britta Steidel<\/p>\n","protected":false},"excerpt":{"rendered":"<p>1.Vorsitzende: Lena B\u00f6ckem 2.Vorsitzende: Neele Rudolph 1.Kassierer: Angela T\u00fctt 2.Kassierer: Marion B\u00f6ckem Materialwart: Eric Koenen Schriftf\u00fchrer: Antonia Lorenz Breitensportbeauftragte: Imke de Groot-Rudolph 1.Jugendwart: Maxie Fraatz Jugendvertreter: Lioba Hickel Beisitzer: Luisa Nolden Britta Steidel<\/p>\n","protected":false},"author":1,"featured_media":0,"parent":0,"menu_order":0,"comment_status":"open","ping_status":"open","template":"","meta":{"footnotes":""},"class_list":["post-30","page","type-page","status-publish","hentry"],"_links":{"self":[{"href":"https:\/\/psg-erftstadt-niederberg.de\/index.php?rest_route=\/wp\/v2\/pages\/30","targetHints":{"allow":["GET"]}}],"collection":[{"href":"https:\/\/psg-erftstadt-niederberg.de\/index.php?rest_route=\/wp\/v2\/pages"}],"about":[{"href":"https:\/\/psg-erftstadt-niederberg.de\/index.php?rest_route=\/wp\/v2\/types\/page"}],"author":[{"embeddable":true,"href":"https:\/\/psg-erftstadt-niederberg.de\/index.php?rest_route=\/wp\/v2\/users\/1"}],"replies":[{"embeddable":true,"href":"https:\/\/psg-erftstadt-niederberg.de\/index.php?rest_route=%2Fwp%2Fv2%2Fcomments&post=30"}],"version-history":[{"count":50,"href":"https:\/\/psg-erftstadt-niederberg.de\/index.php?rest_route=\/wp\/v2\/pages\/30\/revisions"}],"predecessor-version":[{"id":2118,"href":"https:\/\/psg-erftstadt-niederberg.de\/index.php?rest_route=\/wp\/v2\/pages\/30\/revisions\/2118"}],"wp:attachment":[{"href":"https:\/\/psg-erftstadt-niederberg.de\/index.php?rest_route=%2Fwp%2Fv2%2Fmedia&parent=30"}],"curies":[{"name":"wp","href":"https:\/\/api.w.org\/{rel}","templated":true}]}}